{"id":181,"date":"2016-02-19T11:44:51","date_gmt":"2016-02-19T10:44:51","guid":{"rendered":"http:\/\/skodamotorsportspain.com\/?page_id=181"},"modified":"2016-07-26T13:25:47","modified_gmt":"2016-07-26T12:25:47","slug":"condiciones","status":"publish","type":"page","link":"http:\/\/skodamotorsportspain.com\/en\/terms\/","title":{"rendered":"Condiciones"},"content":{"rendered":"<h2>Pol\u00edtica de Cookies<\/h2>\n<h3 class=\"politica\">\u00bfQU\u00c9 ES UNA COOKIE?<\/h3>\n<p>Una cookie es un fichero de texto inofensivo que se almacena en su navegador cuando visita casi cualquier p\u00e1gina web. La utilidad de la cookie es que la web sea capaz de recordar su visita cuando vuelva a navegar por esa p\u00e1gina y aumentar el proceso de carga de la p\u00e1gina al tenerla almacenada.<\/p>\n<h3>COOKIES UTILIZADAS EN ESTE SITIO WEB<\/h3>\n<p>Siguiendo las directrices de la Agencia Espa\u00f1ola de Protecci\u00f3n de Datos procedemos a detallar el uso de cookies que hace esta web con el fin de informarle con la m\u00e1xima exactitud posible.<\/p>\n<p>Este sitio web utiliza las siguientes cookies propias:<\/p>\n<ul>\n<li><b>Cookies de sesi\u00f3n<\/b>: para garantizar que los usuarios que escriban comentarios en el blog sean humanos y no aplicaciones automatizadas. De esta forma se combate el spam.<\/li>\n<\/ul>\n<p>Este sitio web utiliza las siguientes cookies de terceros:<\/p>\n<ul>\n<li><b>Google Analytics<\/b>: Almacena cookies para poder elaborar estad\u00edsticas sobre el tr\u00e1fico y volumen de visitas de esta web. Al utilizar este sitio web est\u00e1 consintiendo el tratamiento de informaci\u00f3n acerca de usted por Google. Por tanto, el ejercicio de cualquier derecho en este sentido deber\u00e1 hacerlo comunicando directamente con Google.<\/li>\n<li><b>Redes sociales<\/b>: Cada red social utiliza sus propias cookies para que usted pueda pinchar en botones del tipo Me gusta o Compartir.<\/li>\n<\/ul>\n<h3>DESACTIVACI\u00d3N O ELIMINACI\u00d3N DE COOKIES<\/h3>\n<p>En cualquier momento podr\u00e1 ejercer su derecho de desactivaci\u00f3n o eliminaci\u00f3n de cookies de este sitio web. Estas acciones se realizan de forma diferente en funci\u00f3n del navegador que est\u00e9 usando. Aqu\u00ed le dejamos una gu\u00eda r\u00e1pida para los navegadores m\u00e1s populares.<\/p>\n<p>Notas adicionales<\/p>\n<ul>\n<li>Ni esta web ni sus representantes legales se hacen responsables ni del contenido ni de la veracidad de las pol\u00edticas de privacidad que puedan tener los terceros mencionados en esta pol\u00edtica de cookies.<\/li>\n<li>Los navegadores web son las herramientas encargadas de almacenar las cookies y desde este lugar debe efectuar su derecho a eliminaci\u00f3n o desactivaci\u00f3n de las mismas. Ni esta web ni sus representantes legales pueden garantizar la correcta o incorrecta manipulaci\u00f3n de las cookies por parte de los mencionados navegadores.<\/li>\n<li>En algunos casos es necesario instalar cookies para que el navegador no olvide su decisi\u00f3n de no aceptaci\u00f3n de las mismas.<\/li>\n<li>En el caso de las cookies de Google Analytics, esta empresa almacena las cookies en servidores ubicados en Estados Unidos y se compromete a no compartirla con terceros, excepto en los casos en los que sea necesario para el funcionamiento del sistema o cuando la ley obligue a tal efecto. Seg\u00fan Google no guarda su direcci\u00f3n IP. Google Inc. es una compa\u00f1\u00eda adherida al Acuerdo de Puerto Seguro que garantiza que todos los datos transferidos ser\u00e1n tratados con un nivel de protecci\u00f3n acorde a la normativa europea. Puede consultar informaci\u00f3n detallada a este respecto en este <a href=\"https:\/\/www.google.com\/intl\/es_ES\/analytics\/learn\/privacy.html\" target=\"_blank\" rel=\"nofollow\">enlace<\/a>.<\/li>\n<li>Si desea informaci\u00f3n sobre el uso que Google da a las cookies le adjuntamos este otro <a href=\"https:\/\/www.google.es\/intl\/es\/policies\/privacy\/\" target=\"_blank\" rel=\"nofollow\">enlace<\/a>.<\/li>\n<\/ul>\n<p>Para cualquier duda o consulta acerca de esta pol\u00edtica de cookies no dude en comunicarse con nosotros a trav\u00e9s de la secci\u00f3n de contacto.<\/p>\n<h3>\u00bfQU\u00c9 NO ES UNA COOKIE?<\/h3>\n<p>No es un virus, ni un troyano, ni un gusano.<\/p>\n<h3>\u00bfQU\u00c9 INFORMACI\u00d3N ALMACENA UNA COOKIE?<\/h3>\n<p>Las cookies no suelen almacenar informaci\u00f3n sensible sobre usted, como tarjetas de cr\u00e9dito o datos bancarios, fotograf\u00edas, su DNI o informaci\u00f3n personal, etc.<\/p>\n<h3>\u00bfQU\u00c9 TIPO DE COOKIES EXISTEN?<\/h3>\n<ul>\n<li><b>Cookies t\u00e9cnicas<\/b>: Son las m\u00e1s elementales y permiten, entre otras cosas, saber cu\u00e1ndo est\u00e1 navegando un humano o una aplicaci\u00f3n automatizada, cu\u00e1ndo navega un usuario an\u00f3nimo y uno registrado, tareas b\u00e1sicas para el funcionamiento de cualquier web din\u00e1mica.<\/li>\n<li><b>Cookies de an\u00e1lisis<\/b>: Recogen informaci\u00f3n sobre el tipo de navegaci\u00f3n que est\u00e1 realizando, las secciones que m\u00e1s utiliza, productos consultados, franja horaria de uso, idioma, etc.<\/li>\n<li><b>Cookies publicitarias<\/b>: Muestran publicidad en funci\u00f3n de su navegaci\u00f3n, su pa\u00eds de procedencia, idioma, etc.<\/li>\n<\/ul>\n<h3>\u00bfQU\u00c9 SON LAS COOKIES PROPIAS Y LAS DE TERCEROS?<\/h3>\n<p>Las cookies propias son las generadas por la p\u00e1gina que est\u00e1 visitando y las de terceros son las generadas por servicios o proveedores externos.<\/p>\n<h3>\u00bfQU\u00c9 OCURRE SI DESACTIVO LAS COOKIES?<\/h3>\n<p>Para que entienda el alcance que puede tener desactivar las cookies le mostramos unos ejemplos:<\/p>\n<p>No podr\u00e1 compartir contenidos de esa web en Facebook, Twitter o cualquier otra red social autom\u00e1ticamente, si no que deber\u00e1 iniciar sesi\u00f3n cada vez que desee comunicar p\u00fablicamente el contenido de la p\u00e1gina con otros usuarios.<\/p>\n<p>No podr\u00e1 acceder al \u00e1rea personal de esa web, como por ejemplo Mi cuenta, o Mi perfil o Mis pedidos.<\/p>\n<p>No ser\u00e1 posible personalizar sus preferencias geogr\u00e1ficas como franja horaria, divisa o idioma.<\/p>\n<p>El sitio web no podr\u00e1 realizar anal\u00edticas web sobre visitantes y tr\u00e1fico en la web, lo que dificultar\u00e1 que la web sea competitiva.<\/p>\n<p>Todas las redes sociales usan cookies, si las desactiva no podr\u00e1 utilizar ninguna red social hasta que no inicie sesi\u00f3n.<\/p>\n<h3>\u00bfSE PUEDEN ELIMINAR LAS COOKIES?<\/h3>\n<p>S\u00ed. No s\u00f3lo eliminar, tambi\u00e9n bloquear, de forma general o particular para un dominio espec\u00edfico.<\/p>\n<p>Para eliminar las cookies de un sitio web debe ir a la configuraci\u00f3n de su navegador y all\u00ed podr\u00e1 buscar las asociadas al dominio en cuesti\u00f3n y proceder a su eliminaci\u00f3n.<\/p>\n<h3>CONFIGURACI\u00d3N DE COOKIES PARA LOS NAVEGADORES M\u00c1S POLULARES<\/h3>\n<p>A continuaci\u00f3n le indicamos c\u00f3mo acceder a una cookie determinada del navegador Chrome.<\/p>\n<p>Nota: estos pasos pueden variar en funci\u00f3n de la versi\u00f3n del navegador:<\/p>\n<ul>\n<li>Vaya a Configuraci\u00f3n o Preferencias mediante el men\u00fa Archivo o bien pinchando el icono de personalizaci\u00f3n que aparece arriba a la derecha.<\/li>\n<li>Ver\u00e1 diferentes secciones, pinche la opci\u00f3n Mostrar opciones avanzadas.<\/li>\n<li>Vaya a Privacidad, Configuraci\u00f3n de contenido.<\/li>\n<li>Seleccione Todas las cookies y los datos de sitios.<\/li>\n<li>Aparecer\u00e1 un listado con todas las cookies ordenadas por dominio. Para que le sea m\u00e1s f\u00e1cil encontrar las cookies de un determinado dominio introduzca parcial o totalmente la direcci\u00f3n en el campo Buscar cookies.<\/li>\n<li>Tras realizar este filtro aparecer\u00e1n en pantalla una o varias l\u00edneas con las cookies de la web solicitada. Ahora s\u00f3lo tiene que seleccionarla y pulsar la X para proceder a su eliminaci\u00f3n.<\/li>\n<\/ul>\n<p>Para acceder a la configuraci\u00f3n de cookies del navegador Internet Explorer siga estos pasos (pueden variar en funci\u00f3n de la versi\u00f3n del navegador):<\/p>\n<ul>\n<li>Vaya a Herramientas, Opciones de Internet<\/li>\n<li>Haga click en Privacidad.<\/li>\n<li>Mueva el deslizador hasta ajustar el nivel de privacidad que desee.<\/li>\n<\/ul>\n<p>Para acceder a la configuraci\u00f3n de cookies del navegador Firefox siga estos pasos (pueden variar en funci\u00f3n de la versi\u00f3n del navegador):<\/p>\n<ul>\n<li>Vaya a Opciones o Preferencias seg\u00fan su sistema operativo.<\/li>\n<li>Haga click en Privacidad.<\/li>\n<li>En Historial elija Usar una configuraci\u00f3n personalizada para el historial.<\/li>\n<li>Ahora ver\u00e1 la opci\u00f3n Aceptar cookies, puede activarla o desactivarla seg\u00fan sus preferencias.<\/li>\n<\/ul>\n<p>Para acceder a la configuraci\u00f3n de cookies del navegador Safari para OSX siga estos pasos (pueden variar en funci\u00f3n de la versi\u00f3n del navegador):<\/p>\n<ul>\n<li>Vaya a Preferencias, luego Privacidad.<\/li>\n<li>En este lugar ver\u00e1 la opci\u00f3n Bloquear cookies para que ajuste el tipo de bloqueo que desea realizar.<\/li>\n<\/ul>\n<p>Para acceder a la configuraci\u00f3n de cookies del navegador Safari para iOS siga estos pasos (pueden variar en funci\u00f3n de la versi\u00f3n del navegador):<\/p>\n<ul>\n<li>Vaya a Ajustes, luego Safari.<\/li>\n<li>Vaya a Privacidad y Seguridad, ver\u00e1 la opci\u00f3n Bloquear cookies para que ajuste el tipo de bloqueo que desea realizar.<\/li>\n<\/ul>\n<p>Para acceder a la configuraci\u00f3n de cookies del navegador para dispositivos Android siga estos pasos (pueden variar en funci\u00f3n de la versi\u00f3n del navegador):<\/p>\n<ul>\n<li>Ejecute el navegador y pulse la tecla Men\u00fa, luego Ajustes.<\/li>\n<li>Vaya a Seguridad y Privacidad, ver\u00e1 la opci\u00f3n Aceptar cookies para que active o desactive la casilla.<\/li>\n<\/ul>\n<p>Para acceder a la configuraci\u00f3n de cookies del navegador para dispositivos Windows Phone siga estos pasos (pueden variar en funci\u00f3n de la versi\u00f3n del navegador):<\/p>\n<ul>\n<li>Abra Internet Explorer, luego M\u00e1s, luego Configuraci\u00f3n<\/li>\n<li>Ahora puede activar o desactivar la casilla Permitir cookies.<\/li>\n<\/ul>\n<h2 id=\"privacidad\">Pol\u00edtica de Privacidad<\/h2>\n<p>De conformidad con lo dispuesto en la Ley Org\u00e1nica 15\/1999, de Protecci\u00f3n de Datos de Car\u00e1cter Personal (LOPD) y su normativa de desarrollo, el responsable del sitio web, en cumplimiento de lo dispuesto en el art. 5 y 6 de la LOPD, informa a todos los usuarios del sitio web que faciliten o vayan a facilitar sus datos personales, que estos ser\u00e1n incorporados en ficheros automatizados que se encuentran debidamente inscritos en la Agencia Espa\u00f1ola de Protecci\u00f3n de Datos.<\/p>\n<p>El prestador ha adoptado todas las medidas t\u00e9cnicas, y de organizaci\u00f3n, necesarias para garantizar la seguridad e integridad de los datos de car\u00e1cter personal que trate, as\u00ed como para evitar su p\u00e9rdida, alteraci\u00f3n y\/o acceso por parte de terceros no autorizados.<\/p>\n<p>Si fuera a realizarse alg\u00fan tipo de cesi\u00f3n de datos personales a terceros, de forma previa, se solicitar\u00eda el consentimiento expreso, informado, e inequ\u00edvoco, por parte de los titulares.<\/p>\n<p>Mediante el env\u00edo del formulario de contacto, acepta expresamente y de forma libre e inequ\u00edvoca que sus datos personales sean tratados por parte del prestador para las siguientes finalidades:<\/p>\n<p>Los Datos Personales recogidos ser\u00e1n almacenados en un gestor de correo y en nuestra base de datos, y usados para la emisi\u00f3n de la respuesta a su consulta, y, en ning\u00fan caso, para la emisi\u00f3n de comunicaciones comerciales, o de otra \u00edndole. No nos responsabilizamos de los an\u00e1lisis de dichos datos que pudiese realizar la empresa que brinda el servicio de gesti\u00f3n del correo, pero podemos garantizar, hasta d\u00f3nde nos es posible, que no ser\u00e1n cedidos por nosotros a terceras partes. Los datos son los siguientes:<\/p>\n<ul>\n<li>Nombre (No ha de ser el nombre real, sino un t\u00e9rmino de contacto)<\/li>\n<li>E-Mail (Direcci\u00f3n de e-mail a la que ser\u00e1 remitida la respuesta)<\/li>\n<li>Telefono (No es obligatorio)<\/li>\n<li>Mensaje (Desarrollo detallado de la informaci\u00f3n a consultar)<\/li>\n<\/ul>\n<p>En caso de que no sean facilitados todos los datos obligatorios, el prestador no garantiza que la informaci\u00f3n y servicios facilitados sean completamente ajustados a sus necesidades.<\/p>\n<p>Los usuarios pueden ejercer sus derechos de acceso, rectificaci\u00f3n, cancelaci\u00f3n y oposici\u00f3n en el fichero \u201cCONTACTO\u201d con n\u00famero de registro xxxxxxxxxx, mediante un e-mail, detallando el nombre e e-mail que us\u00f3 en el formulario de contacto, con las palabras BAJA FORMULARIO. De esta forma, podr\u00e1 eliminar por completo todo e-mail suyo que el Centro pudiese tener almacenado en su gestor de correo o base datos.<\/p>\n","protected":false},"excerpt":{"rendered":"<p>Pol\u00edtica de Cookies \u00bfQU\u00c9 ES UNA COOKIE? Una cookie es un fichero de texto inofensivo que se almacena en su navegador cuando visita casi cualquier p\u00e1gina web. La utilidad de la cookie es que la web sea capaz de recordar<span class=\"ellipsis\">&hellip;<\/span><\/p>\n<div class=\"read-more\"><a href=\"http:\/\/skodamotorsportspain.com\/en\/terms\/\">Read more &#8250;<\/a><\/div>\n<p><!-- end of .read-more --><\/p>\n","protected":false},"author":1,"featured_media":0,"parent":0,"menu_order":0,"comment_status":"closed","ping_status":"closed","template":"page-terms.php","meta":{"footnotes":""},"class_list":["post-181","page","type-page","status-publish","hentry"],"_links":{"self":[{"href":"http:\/\/skodamotorsportspain.com\/en\/wp-json\/wp\/v2\/pages\/181","targetHints":{"allow":["GET"]}}],"collection":[{"href":"http:\/\/skodamotorsportspain.com\/en\/wp-json\/wp\/v2\/pages"}],"about":[{"href":"http:\/\/skodamotorsportspain.com\/en\/wp-json\/wp\/v2\/types\/page"}],"author":[{"embeddable":true,"href":"http:\/\/skodamotorsportspain.com\/en\/wp-json\/wp\/v2\/users\/1"}],"replies":[{"embeddable":true,"href":"http:\/\/skodamotorsportspain.com\/en\/wp-json\/wp\/v2\/comments?post=181"}],"version-history":[{"count":3,"href":"http:\/\/skodamotorsportspain.com\/en\/wp-json\/wp\/v2\/pages\/181\/revisions"}],"predecessor-version":[{"id":227,"href":"http:\/\/skodamotorsportspain.com\/en\/wp-json\/wp\/v2\/pages\/181\/revisions\/227"}],"wp:attachment":[{"href":"http:\/\/skodamotorsportspain.com\/en\/wp-json\/wp\/v2\/media?parent=181"}],"curies":[{"name":"wp","href":"https:\/\/api.w.org\/{rel}","templated":true}]}}